{"id":544,"date":"2025-09-04T02:20:15","date_gmt":"2025-09-04T02:20:15","guid":{"rendered":"https:\/\/foodexportcbb.com\/privacy-policy\/"},"modified":"2025-10-15T22:11:25","modified_gmt":"2025-10-15T22:11:25","slug":"privacy-policy","status":"publish","type":"page","link":"https:\/\/foodexportcbb.com\/es\/privacy-policy\/","title":{"rendered":"Pol\u00edtica de privacidad"},"content":{"rendered":"<p>En Food Export, estamos firmemente comprometidos con la protecci\u00f3n de los datos personales de nuestros usuarios, adoptando las medidas t\u00e9cnicas y organizativas necesarias para garantizar un alto nivel de seguridad en el tratamiento de los datos recopilados a trav\u00e9s de nuestra plataforma.<\/p>\n<h3>Registro de datos personales<\/h3>\n<p>Los datos personales recopilados a trav\u00e9s de los formularios de Food Export se gestionan mediante un proceso automatizado, con el objetivo de facilitar y agilizar los compromisos entre Food Export y el Usuario, as\u00ed como responder a consultas o solicitudes.<\/p>\n<p>En los casos en que se solicite informaci\u00f3n a trav\u00e9s de formularios, se indicar\u00e1 si alg\u00fan campo es obligatorio para garantizar la correcta ejecuci\u00f3n de la operaci\u00f3n solicitada.<\/p>\n<h3>Periodo de conservaci\u00f3n de los datos personales<\/h3>\n<p>Los datos personales se conservar\u00e1n \u00fanicamente durante el tiempo necesario para cumplir con su finalidad o hasta que el usuario solicite formalmente su eliminaci\u00f3n.<\/p>\n<h3>Destino de los datos personales<\/h3>\n<p>Food Export no compartir\u00e1 los datos personales del usuario con terceros a menos que se le notifique previamente y se obtenga su consentimiento, garantizando as\u00ed la privacidad y el control sobre sus datos.<\/p>\n<h3>Confidencialidad y seguridad de los datos personales<\/h3>\n<p>Food Export garantiza que los datos personales se tratan con estrictas medidas de seguridad, basadas en el nivel de riesgo, para evitar su alteraci\u00f3n, p\u00e9rdida, acceso no autorizado o destrucci\u00f3n. Nuestro sitio web est\u00e1 protegido por un certificado SSL (Secure Socket Layer), lo que garantiza que la transmisi\u00f3n de datos entre el usuario y el servidor est\u00e9 totalmente encriptada.<\/p>\n<h3>Enlaces a sitios web de terceros<\/h3>\n<p>Food Export puede contener enlaces a sitios web de terceros, que tienen sus propias pol\u00edticas de protecci\u00f3n de datos. Food Export no se hace responsable de sus pr\u00e1cticas de privacidad.<\/p>\n<h3>Uso de cookies<\/h3>\n<p>El uso de cookies en Food Export facilita la navegaci\u00f3n y mejora la experiencia del usuario al recordar ciertas preferencias de navegaci\u00f3n. Las cookies no recopilan informaci\u00f3n personal a menos que sea proporcionada directamente por el usuario.<\/p>\n<h3>Desactivaci\u00f3n, rechazo y eliminaci\u00f3n de cookies<\/h3>\n<p>El usuario puede desactivar o eliminar las cookies en cualquier momento a trav\u00e9s de la configuraci\u00f3n de su navegador. Los procedimientos var\u00edan en funci\u00f3n del navegador utilizado, por lo que se recomienda consultar las instrucciones espec\u00edficas de cada navegador.<\/p>\n<h3>Aceptaci\u00f3n y cambios en esta pol\u00edtica de privacidad<\/h3>\n<p>El uso de Food Export implica la aceptaci\u00f3n de esta pol\u00edtica de privacidad. Food Export se reserva el derecho de modificar su pol\u00edtica en cualquier momento, informando a los usuarios de cualquier cambio relevante, ya sea por decisiones internas o por actualizaciones legislativas.<\/p>\n<p><em>\u00daltima actualizaci\u00f3n: 15 de octubre de 2025<\/em><\/p>\n","protected":false},"excerpt":{"rendered":"<p>En Food Export, estamos firmemente comprometidos con la protecci\u00f3n de los datos personales de nuestros usuarios, adoptando las medidas t\u00e9cnicas&#8230;<\/p>\n","protected":false},"author":1,"featured_media":0,"parent":0,"menu_order":0,"comment_status":"closed","ping_status":"closed","template":"page-templates\/template-legal.php","meta":{"_acf_changed":false,"footnotes":""},"class_list":["post-544","page","type-page","status-publish","hentry"],"acf":[],"_links":{"self":[{"href":"https:\/\/foodexportcbb.com\/es\/wp-json\/wp\/v2\/pages\/544","targetHints":{"allow":["GET"]}}],"collection":[{"href":"https:\/\/foodexportcbb.com\/es\/wp-json\/wp\/v2\/pages"}],"about":[{"href":"https:\/\/foodexportcbb.com\/es\/wp-json\/wp\/v2\/types\/page"}],"author":[{"embeddable":true,"href":"https:\/\/foodexportcbb.com\/es\/wp-json\/wp\/v2\/users\/1"}],"replies":[{"embeddable":true,"href":"https:\/\/foodexportcbb.com\/es\/wp-json\/wp\/v2\/comments?post=544"}],"version-history":[{"count":3,"href":"https:\/\/foodexportcbb.com\/es\/wp-json\/wp\/v2\/pages\/544\/revisions"}],"predecessor-version":[{"id":1273,"href":"https:\/\/foodexportcbb.com\/es\/wp-json\/wp\/v2\/pages\/544\/revisions\/1273"}],"wp:attachment":[{"href":"https:\/\/foodexportcbb.com\/es\/wp-json\/wp\/v2\/media?parent=544"}],"curies":[{"name":"wp","href":"https:\/\/api.w.org\/{rel}","templated":true}]}}